{"id":49,"date":"2025-11-29T17:32:38","date_gmt":"2025-11-29T16:32:38","guid":{"rendered":"https:\/\/napoleonhill.info\/fr\/?page_id=49"},"modified":"2026-02-21T15:31:28","modified_gmt":"2026-02-21T14:31:28","slug":"accueil","status":"publish","type":"page","link":"https:\/\/napoleonhill.info\/fr\/","title":{"rendered":"Accueil"},"content":{"rendered":"\n<p class=\"has-text-align-center\">D\u00e9couvrez et vivez votre premi\u00e8re exp\u00e9rience de \u00ab\u00a0R\u00e9fl\u00e9chissez et Devenez Riche, Le Jeu\u00a0\u00bb<br>en cliquant sur l&rsquo;image ci-dessous<\/p>\n\n\n\n<figure class=\"wp-block-image aligncenter size-full\"><a href=\".\/jouer-en-ligne\/\"><img loading=\"lazy\" decoding=\"async\" width=\"1000\" height=\"308\" src=\"https:\/\/napoleonhill.info\/fr\/wp-content\/uploads\/2025\/12\/CARNEGIE_HILL_1000.png\" alt=\"Jouer \u00e0 &quot;R\u00e9fl\u00e9chissez et Devenez Riche, Le Jeu&quot;\" class=\"wp-image-144\" srcset=\"https:\/\/napoleonhill.info\/fr\/wp-content\/uploads\/2025\/12\/CARNEGIE_HILL_1000.png 1000w, https:\/\/napoleonhill.info\/fr\/wp-content\/uploads\/2025\/12\/CARNEGIE_HILL_1000-300x92.png 300w, https:\/\/napoleonhill.info\/fr\/wp-content\/uploads\/2025\/12\/CARNEGIE_HILL_1000-768x237.png 768w\" sizes=\"auto, (max-width: 1000px) 100vw, 1000px\" \/><\/a><\/figure>\n\n\n\n<div class=\"wp-block-columns is-layout-flex wp-container-core-columns-is-layout-28f84493 wp-block-columns-is-layout-flex\">\n<div class=\"wp-block-column is-layout-flow wp-block-column-is-layout-flow\"><\/div>\n\n\n\n<div class=\"wp-block-column is-layout-flow wp-block-column-is-layout-flow\"><\/div>\n\n\n\n<div class=\"wp-block-column is-layout-flow wp-block-column-is-layout-flow\"><\/div>\n<\/div>\n\n\n\n<p><\/p>\n","protected":false},"excerpt":{"rendered":"<p>D\u00e9couvrez et vivez votre premi\u00e8re exp\u00e9rience de \u00ab\u00a0R\u00e9fl\u00e9chissez et Devenez Riche, Le Jeu\u00a0\u00bben cliquant sur l&rsquo;image ci-dessous<\/p>\n","protected":false},"author":1,"featured_media":0,"parent":0,"menu_order":0,"comment_status":"closed","ping_status":"closed","template":"","meta":{"footnotes":""},"class_list":["post-49","page","type-page","status-publish","hentry"],"blocksy_meta":[],"_links":{"self":[{"href":"https:\/\/napoleonhill.info\/fr\/wp-json\/wp\/v2\/pages\/49","targetHints":{"allow":["GET"]}}],"collection":[{"href":"https:\/\/napoleonhill.info\/fr\/wp-json\/wp\/v2\/pages"}],"about":[{"href":"https:\/\/napoleonhill.info\/fr\/wp-json\/wp\/v2\/types\/page"}],"author":[{"embeddable":true,"href":"https:\/\/napoleonhill.info\/fr\/wp-json\/wp\/v2\/users\/1"}],"replies":[{"embeddable":true,"href":"https:\/\/napoleonhill.info\/fr\/wp-json\/wp\/v2\/comments?post=49"}],"version-history":[{"count":3,"href":"https:\/\/napoleonhill.info\/fr\/wp-json\/wp\/v2\/pages\/49\/revisions"}],"predecessor-version":[{"id":147,"href":"https:\/\/napoleonhill.info\/fr\/wp-json\/wp\/v2\/pages\/49\/revisions\/147"}],"wp:attachment":[{"href":"https:\/\/napoleonhill.info\/fr\/wp-json\/wp\/v2\/media?parent=49"}],"curies":[{"name":"wp","href":"https:\/\/api.w.org\/{rel}","templated":true}]}}